{"id":340,"date":"2019-02-25T10:11:06","date_gmt":"2019-02-25T09:11:06","guid":{"rendered":"https:\/\/www.loirevalleyalacarte.com\/legal-notice\/"},"modified":"2019-02-25T10:11:06","modified_gmt":"2019-02-25T09:11:06","slug":"legal-notice","status":"publish","type":"page","link":"https:\/\/www.loirevalleyalacarte.com\/en\/legal-notice\/","title":{"rendered":"Legal Notice"},"content":{"rendered":"<div id='av_section_1'  class='avia-section av-13buj-c68974e9314e0fbba69fcbacd7033cd5 main_color avia-section-default avia-no-border-styling  avia-builder-el-0  avia-builder-el-no-sibling  avia-bg-style-scroll container_wrap fullsize'  ><div class='container av-section-cont-open' ><main  role=\"main\" itemprop=\"mainContentOfPage\"  class='template-page content  av-content-full alpha units'><div class='post-entry post-entry-type-page post-entry-340'><div class='entry-content-wrapper clearfix'>\n<section  class='av_textblock_section av-jsk4g6xa-cef508bca188f57961f98079261e4b95 '   itemscope=\"itemscope\" itemtype=\"https:\/\/schema.org\/CreativeWork\" ><div class='avia_textblock'  itemprop=\"text\" ><h1><strong>MENTIONS LEGALES<\/strong><\/h1>\n<p><strong>EDITEUR DU SITE<\/strong><\/p>\n<p><strong>Loirevalley \u00e0 la Carte<\/strong><br \/>\npar Loirevalley \u00e0 la Carte<br \/>\n40 rue du Bondonneau,<\/p>\n<p>37360 SAINT ANTOINE DU ROCHER<br \/>\n\u2013<br \/>\nT\u00e9l : 07 81 61 19 58<br \/>\nwww.loirevalleyalacarte.com<br \/>\ncontact@loirevalleyalacarte.com<br \/>\nLoirevalley \u00e0 la Carte est une SAS au capital de 8000\u20ac<br \/>\nSiret : 80964975900010<\/p>\n<p><strong>CONDITIONS D\u2019UTILISATION<\/strong><\/p>\n<p>Le site accessible par les url suivants : www.loirevalleyalacarte.com est exploit\u00e9 dans le respect de la l\u00e9gislation fran\u00e7aise. L\u2019utilisation de ce site est r\u00e9gie par les pr\u00e9sentes conditions g\u00e9n\u00e9rales. En utilisant le site, vous reconnaissez avoir pris connaissance de ces conditions et les avoir accept\u00e9es. Celles-ci pourront \u00eatre modifi\u00e9es \u00e0 tout moment et sans pr\u00e9avis par la soci\u00e9t\u00e9.<br \/>\nLoirevalley \u00e0 la Carte\u00a0ne saurait \u00eatre tenu pour responsable en aucune mani\u00e8re d\u2019une mauvaise utilisation du service.<\/p>\n<p><strong>RESPONSABLE \u00c9DITORIAL<\/strong><\/p>\n<p>David Cohen<br \/>\n<strong>Loirevalley \u00e0 la Carte<\/strong><br \/>\n40 rue du Bondonneau,<\/p>\n<p>37360 SAINT ANTOINE DU ROCHER<br \/>\n\u2013<br \/>\nT\u00e9l : 07 81 61 19 58<br \/>\nwww.loirevalleyalacarte.com<br \/>\n<a href=\"mailto:contact@loirevalleyalacarte.com\">contact@loirevalleyalacarte.com<\/a><\/p>\n<p><strong>LIMITATION DE RESPONSABILIT\u00c9<\/strong><\/p>\n<p>Les informations contenues sur ce site sont aussi pr\u00e9cises que possibles et le site est p\u00e9riodiquement remis \u00e0 jour, mais peut toutefois contenir des inexactitudes, des omissions ou des lacunes. Si vous constatez une lacune, erreur ou ce qui parait \u00eatre un dysfonctionnement, merci de bien vouloir le signaler par\u00a0<a href=\"https:\/\/larocheleroy.com\/mentions-legales\/restaurant@larocheleroy.com\">email<\/a>\u00a0en d\u00e9crivant le probl\u00e8me de la mani\u00e8re la plus pr\u00e9cise possible (page posant probl\u00e8me, action d\u00e9clenchante, type d\u2019ordinateur et de navigateur utilis\u00e9, \u2026).<\/p>\n<p>Tout contenu t\u00e9l\u00e9charg\u00e9 se fait aux risques et p\u00e9rils de l\u2019utilisateur et sous sa seule responsabilit\u00e9. En cons\u00e9quence, Loirevalley \u00e0 la Carte\u00a0ne saurait \u00eatre tenu responsable d\u2019un quelconque dommage subi par l\u2019ordinateur de l\u2019utilisateur ou d\u2019une quelconque perte de donn\u00e9es cons\u00e9cutives au t\u00e9l\u00e9chargement.<\/p>\n<p>Les liens hypertextes mis en place dans le cadre du pr\u00e9sent site internet en direction d\u2019autres ressources pr\u00e9sentes sur le r\u00e9seau Internet ne sauraient engager la responsabilit\u00e9 de Loirevalley \u00e0 la Carte.<\/p>\n<p><strong>LITIGES<\/strong><\/p>\n<p>Les pr\u00e9sentes conditions sont r\u00e9gies par les lois fran\u00e7aises et toute contestation ou litiges qui pourraient na\u00eetre de l\u2019interpr\u00e9tation ou de l\u2019ex\u00e9cution de celles-ci seront de la comp\u00e9tence exclusive des tribunaux dont d\u00e9pend le si\u00e8ge social de la soci\u00e9t\u00e9 Loirevalley \u00e0 la Carte. La langue de r\u00e9f\u00e9rence, pour le r\u00e8glement de contentieux \u00e9ventuels, est le fran\u00e7ais.<\/p>\n<p><strong>PROPRI\u00c9T\u00c9 INTELLECTUELLE<\/strong><\/p>\n<p>Tout le contenu du pr\u00e9sent site, incluant, de fa\u00e7on non limitative, les graphismes, images, textes, vid\u00e9os, animations, sons, logos, gifs et ic\u00f4nes ainsi que leur mise en forme sont la propri\u00e9t\u00e9 exclusive de la soci\u00e9t\u00e9 Loirevalley \u00e0 la Carte\u00a0\u00e0 l\u2019exception des marques, logos ou contenus appartenant \u00e0 d\u2019autres soci\u00e9t\u00e9s partenaires ou auteurs.<br \/>\nToute reproduction, distribution, modification, adaptation, retransmission ou publication, m\u00eame partielle, de ces diff\u00e9rents \u00e9l\u00e9ments est strictement interdite sans l\u2019accord expr\u00e8s par \u00e9crit de\u00a0Loirevalley \u00e0 la Carte. Cette repr\u00e9sentation ou reproduction, par quelque proc\u00e9d\u00e9 que ce soit, constitue une contrefa\u00e7on sanctionn\u00e9e par les articles L.3335-2 et suivants du Code de la propri\u00e9t\u00e9 intellectuelle. Le non-respect de cette interdiction constitue une contrefa\u00e7on pouvant engager la responsabilit\u00e9 civile et p\u00e9nale du contrefacteur. En outre, les propri\u00e9taires des Contenus copi\u00e9s pourraient intenter une action en justice \u00e0 votre encontre.<\/p>\n<p>Loirevalley \u00e0 la Carte\u00a0est identiquement propri\u00e9taire des \u00ab\u00a0droits des producteurs de bases de donn\u00e9es\u00a0\u00bb vis\u00e9s au Livre III, Titre IV, du Code de la Propri\u00e9t\u00e9 Intellectuelle (loi n\u00b0 98-536 du 1er juillet 1998) relative aux droits d\u2019auteur et aux bases de donn\u00e9es.<\/p>\n<p>Les utilisateurs et visiteurs du site internet peuvent mettre en place un hyperlien en direction de ce site, mais uniquement en direction de la page d\u2019accueil, accessible \u00e0 l\u2019URL suivante : www.loirevalleyalacarte.com, \u00e0 condition que ce lien s\u2019ouvre dans une nouvelle fen\u00eatre. En particulier un lien vers une sous page (\u00ab lien profond \u00bb) est interdit, ainsi que l\u2019ouverture du pr\u00e9sent site au sein d\u2019un cadre (\u00ab framing \u00bb), sauf l\u2019autorisation expresse et pr\u00e9alable de\u00a0Loirevalley \u00e0 la Carte.<\/p>\n<p>Pour toute demande d\u2019autorisation ou d\u2019information, veuillez nous contacter par email :\u00a0contact@loirevalleyalacarte.com.\u00a0Des conditions sp\u00e9cifiques sont pr\u00e9vues pour la presse.<\/p>\n<p>Par ailleurs, la mise en forme de ce site a n\u00e9cessit\u00e9 le recours \u00e0 des sources externes dont nous avons acquis les droits ou dont les droits d\u2019utilisation sont ouverts :<\/p>\n<p><strong>H\u00c9BERGEUR<\/strong><\/p>\n<p>OVH<br \/>\n2 rue Kellermann<\/p>\n<p>59100 ROUBAIX \u2013 France<\/p>\n<p>Pour contacter cet h\u00e9bergeur, rendez-vous \u00e0 l\u2019adresse www.ovh.com\/fr\/support\/<\/p>\n<p><strong>CONDITIONS DE SERVICE<\/strong><\/p>\n<p>Ce site est propos\u00e9 en langages\u00a0<strong>HTML5\u00a0<\/strong>et\u00a0<strong>CSS3<\/strong>, pour un meilleur confort d\u2019utilisation et un graphisme plus agr\u00e9able, nous vous recommandons de recourir \u00e0 des navigateurs modernes comme Safari, Firefox, Chrome,\u2026<\/p>\n<p><strong>INFORMATIONS ET EXCLUSION<\/strong><\/p>\n<p>Loirevalley \u00e0 la Carte\u00a0met en \u0153uvre tous les moyens dont elle dispose, pour assurer une information fiable et une mise \u00e0 jour fiable de ses sites internet. Toutefois, des erreurs ou omissions peuvent survenir. L\u2019internaute devra donc s\u2019assurer de l\u2019exactitude des informations aupr\u00e8s de Loirevalley \u00e0 la Carte, et signaler toutes modifications du site qu\u2019il jugerait utile. Loirevalley \u00e0 la Carte n\u2019est en aucun cas responsable de l\u2019utilisation faite de ces informations, et de tout pr\u00e9judice direct ou indirect pouvant en d\u00e9couler.<\/p>\n<p><strong>COOKIES<\/strong><\/p>\n<p>Pour des besoins de statistiques et d\u2019affichage, le pr\u00e9sent site utilise des cookies. Il s\u2019agit de petits fichiers textes stock\u00e9s sur votre disque dur afin d\u2019enregistrer des donn\u00e9es techniques sur votre navigation. Certaines parties de ce site ne peuvent \u00eatre fonctionnelle sans l\u2019acceptation de cookies.<\/p>\n<p><strong>LIENS HYPERTEXTES<\/strong><\/p>\n<p>Les sites internet de Loirevalley \u00e0 la Carte\u00a0peuvent offrir des liens vers d\u2019autres sites internet ou d\u2019autres ressources disponibles sur Internet.<\/p>\n<p>Loirevalley \u00e0 la Carte\u00a0ne dispose d\u2019aucun moyen pour contr\u00f4ler les sites en connexion avec ses sites internet. Loirevalley \u00e0 la Carte\u00a0ne r\u00e9pond pas de la disponibilit\u00e9 de tels sites et sources externes, ni ne la garantit. Elle ne peut \u00eatre tenue pour responsable de tout dommage, de quelque nature que ce soit, r\u00e9sultant du contenu de ces sites ou sources externes, et notamment des informations, produits ou services qu\u2019ils proposent, ou de tout usage qui peut \u00eatre fait de ces \u00e9l\u00e9ments. Les risques li\u00e9s \u00e0 cette utilisation incombent pleinement \u00e0 l\u2019internaute, qui doit se conformer \u00e0 leurs conditions d\u2019utilisation.<\/p>\n<p><strong>RESPONSABILIT\u00c9<\/strong><\/p>\n<p>Aucune autre garantie n\u2019est accord\u00e9e au client, auquel incombe l\u2019obligation de formuler clairement ses besoins et le devoir de s\u2019informer. Si des informations fournies par Loirevalley \u00e0 la Carte\u00a0apparaissent inexactes, il appartiendra au client de proc\u00e9der lui-m\u00eame \u00e0 toutes v\u00e9rifications de la coh\u00e9rence ou de la vraisemblance des r\u00e9sultats obtenus. Loirevalley \u00e0 la Carte\u00a0ne sera en aucune fa\u00e7on responsable vis \u00e0 vis des tiers de l\u2019utilisation par le client des informations ou de leur absence contenue dans ses produits y compris un de ses sites Internet.<\/p>\n<p><strong>CONTACTEZ-NOUS<\/strong><\/p>\n<p>Loirevalley \u00e0 la Carte\u00a0est \u00e0 votre disposition pour tous vos commentaires ou suggestions. Vous pouvez nous \u00e9crire en fran\u00e7ais par courrier \u00e9lectronique \u00e0 :\u00a0contact@loirevalleyalacarte.com<\/p>\n<\/div><\/section>\n\n","protected":false},"excerpt":{"rendered":"","protected":false},"author":1,"featured_media":0,"parent":0,"menu_order":0,"comment_status":"closed","ping_status":"closed","template":"","meta":{"_exactmetrics_skip_tracking":false,"_exactmetrics_sitenote_active":false,"_exactmetrics_sitenote_note":"","_exactmetrics_sitenote_category":0,"footnotes":""},"yoast_head":"<!-- This site is optimized with the Yoast SEO plugin v22.5 - https:\/\/yoast.com\/wordpress\/plugins\/seo\/ -->\n<title>Legal Notice - Loire Valley \u00e0 la Carte<\/title>\n<meta name=\"robots\" content=\"index, follow, max-snippet:-1, max-image-preview:large, max-video-preview:-1\" \/>\n<link rel=\"canonical\" href=\"https:\/\/www.loirevalleyalacarte.com\/en\/legal-notice\/\" \/>\n<meta property=\"og:locale\" content=\"en_US\" \/>\n<meta property=\"og:type\" content=\"article\" \/>\n<meta property=\"og:title\" content=\"Legal Notice - Loire Valley \u00e0 la Carte\" \/>\n<meta property=\"og:url\" content=\"https:\/\/www.loirevalleyalacarte.com\/en\/legal-notice\/\" \/>\n<meta property=\"og:site_name\" content=\"Loire Valley \u00e0 la Carte\" \/>\n<meta name=\"twitter:card\" content=\"summary_large_image\" \/>\n<meta name=\"twitter:label1\" content=\"Est. reading time\" \/>\n\t<meta name=\"twitter:data1\" content=\"7 minutes\" \/>\n<script type=\"application\/ld+json\" class=\"yoast-schema-graph\">{\"@context\":\"https:\/\/schema.org\",\"@graph\":[{\"@type\":\"WebPage\",\"@id\":\"https:\/\/www.loirevalleyalacarte.com\/en\/legal-notice\/\",\"url\":\"https:\/\/www.loirevalleyalacarte.com\/en\/legal-notice\/\",\"name\":\"Legal Notice - Loire Valley \u00e0 la Carte\",\"isPartOf\":{\"@id\":\"https:\/\/www.loirevalleyalacarte.com\/#website\"},\"datePublished\":\"2019-02-25T09:11:06+00:00\",\"dateModified\":\"2019-02-25T09:11:06+00:00\",\"breadcrumb\":{\"@id\":\"https:\/\/www.loirevalleyalacarte.com\/en\/legal-notice\/#breadcrumb\"},\"inLanguage\":\"en-US\",\"potentialAction\":[{\"@type\":\"ReadAction\",\"target\":[\"https:\/\/www.loirevalleyalacarte.com\/en\/legal-notice\/\"]}]},{\"@type\":\"BreadcrumbList\",\"@id\":\"https:\/\/www.loirevalleyalacarte.com\/en\/legal-notice\/#breadcrumb\",\"itemListElement\":[{\"@type\":\"ListItem\",\"position\":1,\"name\":\"Accueil\",\"item\":\"https:\/\/www.loirevalleyalacarte.com\/en\/home-2\/\"},{\"@type\":\"ListItem\",\"position\":2,\"name\":\"Legal Notice\"}]},{\"@type\":\"WebSite\",\"@id\":\"https:\/\/www.loirevalleyalacarte.com\/#website\",\"url\":\"https:\/\/www.loirevalleyalacarte.com\/\",\"name\":\"Loire Valley \u00e0 la Carte\",\"description\":\"Travel Agency to discover the French Loire Valley\",\"potentialAction\":[{\"@type\":\"SearchAction\",\"target\":{\"@type\":\"EntryPoint\",\"urlTemplate\":\"https:\/\/www.loirevalleyalacarte.com\/?s={search_term_string}\"},\"query-input\":\"required name=search_term_string\"}],\"inLanguage\":\"en-US\"}]}<\/script>\n<!-- \/ Yoast SEO plugin. -->","yoast_head_json":{"title":"Legal Notice - Loire Valley \u00e0 la Carte","robots":{"index":"index","follow":"follow","max-snippet":"max-snippet:-1","max-image-preview":"max-image-preview:large","max-video-preview":"max-video-preview:-1"},"canonical":"https:\/\/www.loirevalleyalacarte.com\/en\/legal-notice\/","og_locale":"en_US","og_type":"article","og_title":"Legal Notice - Loire Valley \u00e0 la Carte","og_url":"https:\/\/www.loirevalleyalacarte.com\/en\/legal-notice\/","og_site_name":"Loire Valley \u00e0 la Carte","twitter_card":"summary_large_image","twitter_misc":{"Est. reading time":"7 minutes"},"schema":{"@context":"https:\/\/schema.org","@graph":[{"@type":"WebPage","@id":"https:\/\/www.loirevalleyalacarte.com\/en\/legal-notice\/","url":"https:\/\/www.loirevalleyalacarte.com\/en\/legal-notice\/","name":"Legal Notice - Loire Valley \u00e0 la Carte","isPartOf":{"@id":"https:\/\/www.loirevalleyalacarte.com\/#website"},"datePublished":"2019-02-25T09:11:06+00:00","dateModified":"2019-02-25T09:11:06+00:00","breadcrumb":{"@id":"https:\/\/www.loirevalleyalacarte.com\/en\/legal-notice\/#breadcrumb"},"inLanguage":"en-US","potentialAction":[{"@type":"ReadAction","target":["https:\/\/www.loirevalleyalacarte.com\/en\/legal-notice\/"]}]},{"@type":"BreadcrumbList","@id":"https:\/\/www.loirevalleyalacarte.com\/en\/legal-notice\/#breadcrumb","itemListElement":[{"@type":"ListItem","position":1,"name":"Accueil","item":"https:\/\/www.loirevalleyalacarte.com\/en\/home-2\/"},{"@type":"ListItem","position":2,"name":"Legal Notice"}]},{"@type":"WebSite","@id":"https:\/\/www.loirevalleyalacarte.com\/#website","url":"https:\/\/www.loirevalleyalacarte.com\/","name":"Loire Valley \u00e0 la Carte","description":"Travel Agency to discover the French Loire Valley","potentialAction":[{"@type":"SearchAction","target":{"@type":"EntryPoint","urlTemplate":"https:\/\/www.loirevalleyalacarte.com\/?s={search_term_string}"},"query-input":"required name=search_term_string"}],"inLanguage":"en-US"}]}},"_links":{"self":[{"href":"https:\/\/www.loirevalleyalacarte.com\/en\/wp-json\/wp\/v2\/pages\/340"}],"collection":[{"href":"https:\/\/www.loirevalleyalacarte.com\/en\/wp-json\/wp\/v2\/pages"}],"about":[{"href":"https:\/\/www.loirevalleyalacarte.com\/en\/wp-json\/wp\/v2\/types\/page"}],"author":[{"embeddable":true,"href":"https:\/\/www.loirevalleyalacarte.com\/en\/wp-json\/wp\/v2\/users\/1"}],"replies":[{"embeddable":true,"href":"https:\/\/www.loirevalleyalacarte.com\/en\/wp-json\/wp\/v2\/comments?post=340"}],"version-history":[{"count":1,"href":"https:\/\/www.loirevalleyalacarte.com\/en\/wp-json\/wp\/v2\/pages\/340\/revisions"}],"predecessor-version":[{"id":341,"href":"https:\/\/www.loirevalleyalacarte.com\/en\/wp-json\/wp\/v2\/pages\/340\/revisions\/341"}],"wp:attachment":[{"href":"https:\/\/www.loirevalleyalacarte.com\/en\/wp-json\/wp\/v2\/media?parent=340"}],"curies":[{"name":"wp","href":"https:\/\/api.w.org\/{rel}","templated":true}]}}